{"id":322,"date":"2024-01-09T14:41:29","date_gmt":"2024-01-09T14:41:29","guid":{"rendered":"https:\/\/www.stilo.life\/privacy-policy\/"},"modified":"2024-01-09T14:41:29","modified_gmt":"2024-01-09T14:41:29","slug":"privacy-policy","status":"publish","type":"page","link":"https:\/\/www.stilo.life\/en\/privacy-policy\/","title":{"rendered":"Privacy Policy"},"content":{"rendered":"\n<h1 class=\"wp-block-heading\">Informativa<\/h1>\n\n\n\n<p>Informativa resa ai sensi degli artt. 13-14 del GDPR (General Data Protection Regulation) n. 2016\/679 (di seguito &#8220;Regolamento&#8221;)<\/p>\n\n\n\n<p><strong>0. PREMESSA<\/strong><\/p>\n\n\n\n<p>Con la presente pagina si intende informare l&#8217;utenza in merito alle politiche osservate da JODAL s.r.l. a socio unico, con sede in Via Lino Zanussi 4, Roveredo in Piano (33080) PN, in materia di raccolta, conservazione, utilizzo ed eventuale divulgazione di ogni informazione personale degli utenti assunta nell&#8217;ambito della fruizione dei servizi offerti nel sito www.stilo.life. La presente privacy policy \u00e8 soggetta ad aggiornamenti e modifiche. Tali eventualit\u00e0 saranno comunicate via newsletter o saranno messe in evidenza nelle apposite sezioni del sito. Si consiglia di controllare in ogni caso la presente privacy policy con periodicit\u00e0. JODAL s.r.l. a socio unico garantisce il rispetto delle normative sopra richiamate, invitando gli utenti a leggere con attenzione la presente Privacy Policy prima di inviare qualsiasi informazione personale, specificando che la presente informativa \u00e8 resa solamente per il presente sito. La gestione e la propriet\u00e0 del sito www.stilo.life appartengono esclusivamente a JODAL s.r.l. a socio unico.<\/p>\n\n\n\n<p><strong>1. TITOLARE DEL TRATTAMENTO DEI DATI E RESPONSABILE DELLA PROTEZIONE DEI DATI<\/strong><\/p>\n\n\n\n<p>Il titolare del trattamento dei dati \u00e8 JODAL s.r.l. a socio unico, P.IVA 01690720931, con sede legale in Via Lino Zanussi, 4 &#8211; 33080 Roveredo in Piano (PN) &#8211; Italia.<\/p>\n\n\n\n<p><strong>2. TIPOLOGIE DI DATI RACCOLTI<\/strong><\/p>\n\n\n\n<p>Il Titolare del Trattamento, informa che, per il normale funzionamento del sito, tratter\u00e0 dati che per loro natura possono essere definiti come dati personali. Per dato personale si intende qualunque informazione relativa a persona fisica, identificata o identificabile, anche indirettamente, mediante riferimento a qualsiasi altra informazione, ivi compreso un numero di identificazione personale.<\/p>\n\n\n\n<p>I dati personali trattati attraverso il sito sono i seguenti:<\/p>\n\n\n\n<p><strong>a) Dati di Navigazione<\/strong><br>Durante il normale funzionamento del sito, i sistemi informatici e le procedure software acquisiscono alcuni dati personali la cui trasmissione \u00e8 implicita nell&#8217;uso dei protocolli di comunicazione di Internet. Si tratta di informazioni che non sono raccolte per essere associate a interessati identificati, ma che per loro stessa natura potrebbero, attraverso elaborazioni ed associazioni con dati detenuti da terzi, permettere di identificare gli utenti. In questa categoria di dati rientrano gli indirizzi IP o i nomi a dominio dei computer utilizzati dagli utenti che si connettono al sito, gli indirizzi in notazione URI (Uniform Resource Identifier) delle risorse richieste, l&#8217;orario della richiesta, il metodo utilizzato nel sottoporre la richiesta al server, la dimensione del file ottenuto in risposta, il codice numerico indicante lo stato della risposta data dal server (buon fine, errore, ecc.) ed altri parametri relativi al sistema operativo e all&#8217;ambiente informatico dell&#8217;utente.<\/p>\n\n\n\n<p><strong>b) Dati personali comuni<\/strong><br>Per accedere a determinati servizi del sito, potrebbe essere richiesto il conferimento di dati personali comuni. Tali dati personali potrebbero essere, a titolo esemplificativo e non esaustivo: nome, cognome, indirizzo e-mail, numero di telefono, ecc.<\/p>\n\n\n\n<p><strong>c) Speciali categorie di dati personali<\/strong><br>Nell\u2019utilizzo del form della sezione contatti per l\u2019invio di candidature, potrebbe verificarsi un conferimento di dati personali rientranti nelle categorie citate dall\u2019art. 9 del Regolamento, i cosiddetti dati particolari: \u201c[\u2026] dati idonei a rivelare l&#8217;origine razziale o etnica, le opinioni politiche, le convinzioni religiose o filosofiche, o l&#8217;appartenenza sindacale, nonch\u00e9 [\u2026] dati genetici, dati biometrici intesi a identificare in modo univoco una persona fisica, dati relativi alla salute o alla vita sessuale o all&#8217;orientamento sessuale della persona\u201d. Tali categorie di dati verranno trattati previo consenso da parte dell\u2019interessato.<\/p>\n\n\n\n<p>Informiamo inoltre che, ai fini della raccolta candidature, JODAL s.r.l. a socio unico potrebbe analizzare i suoi profili social a carattere professionale, da lei resi liberamente disponibili su Internet (es. LinkedIn).<\/p>\n\n\n\n<p><strong>d) Cookies<\/strong><br>Si veda la cookie policy al seguente <a href=\"https:\/\/www.stilo.life\/cookie-policy\/\" target=\"_blank\" rel=\"noreferrer noopener\">link<\/a>.<\/p>\n\n\n\n<p><strong>3. FINALIT\u00c0 DEL TRATTAMENTO<\/strong><\/p>\n\n\n\n<p>I dati da voi forniti, compresi quelli di natura personale ed eventualmente particolare, saranno oggetto di trattamento per le seguenti finalit\u00e0:<\/p>\n\n\n\n<p>a. rispondere ad eventuali richieste di contatto pervenute mediante e-mail o compilando l\u2019apposito form nella pagina Contatti;<\/p>\n\n\n\n<p>b. instaurare un canale immediato domanda\/risposta attraverso una chat in tempo reale raggiungibile da ogni pagina del sito;<\/p>\n\n\n\n<p>c. pubblicare commenti riferiti agli articoli del blog;<\/p>\n\n\n\n<p>d. raccogliere candidature, valutare i CV e ricontattare eventualmente i candidati;<\/p>\n\n\n\n<p>e. inviare newsletter o comunicazioni di tipo commerciale e di marketing;<\/p>\n\n\n\n<p>f. espletare attivit\u00e0 amministrativo-contabili in genere. Ai fini dell&#8217;applicazione delle disposizioni in materia di protezione dei dati personali, i trattamenti effettuati per finalit\u00e0 amministrativo-contabili sono quelli connessi allo svolgimento delle attivit\u00e0 di natura organizzativa, amministrativa, finanziaria e contabile, a prescindere dalla natura dei dati trattati. In particolare, perseguono tali finalit\u00e0 le attivit\u00e0 organizzative interne, quelle funzionali all&#8217;adempimento di obblighi contrattuali e precontrattuali e l\u2019attivit\u00e0 informativa;<\/p>\n\n\n\n<p>g. rispondere a richieste di acquisto e consegna di prodotti e servizi pervenute mediante l\u2019accesso alla sezione \u201cshop\u201d del sito internet.<\/p>\n\n\n\n<p><strong>4. MODALIT\u00c0 DEL TRATTAMENTO<\/strong><\/p>\n\n\n\n<p>Il trattamento sar\u00e0 svolto in forma cartacea e\/o informatizzata, ma in ogni caso con misure idonee a garantire la massima sicurezza, ad opera di soggetti appositamente formati e incaricati. I dati raccolti per le finalit\u00e0 di cui alla sez. 3(a,b,c,f) verranno conservati per il tempo strettamente necessario all\u2019assolvimento delle finalit\u00e0 stesse. Per quanto riguarda la conservazione dei dati in funzione della finalit\u00e0 di raccolta candidature di cui alla sezione 3(d), il tempo individuato \u00e8 di mesi 12 dalla data di ricezione della candidatura. Nel caso invece del trattamento di dati ai fini commerciali e di marketing di cui alla sezione 3(e), il tempo di conservazione \u00e8 stato fissato in mesi 24.<\/p>\n\n\n\n<p><strong>5. BASE LEGALE E NATURA OBBLIGATORIA O FACOLTATIVA DEL TRATTAMENTO<\/strong><\/p>\n\n\n\n<p>La base legale del trattamento di dati personali per la finalit\u00e0 di cui alla sezione 3 (d,e) \u00e8 l\u2019art. 6(1)(a) del Regolamento in quanto i trattamenti sono subordinati all\u2019acquisizione di esplicito consenso. La base legale del trattamento di dati personali per le finalit\u00e0 di cui alla sezione 3 (a,b,c,f) \u00e8 l\u2019art. 6(1)(b) del Regolamento in quanto i trattamenti sono necessari all&#8217;erogazione dei servizi o per il riscontro di richieste dell\u2019interessato. Il conferimento dei dati personali per queste finalit\u00e0 \u00e8 facoltativo ma l&#8217;eventuale mancato conferimento comporterebbe l&#8217;impossibilit\u00e0 di attivare i servizi forniti dal sito, rispondere alle richieste richieste o valutare i CV. Con specifico riferimento alla finalit\u00e0 di cui alla sezione 3(d) e alla connessa analisi dei profili social a carattere professionale resi liberamente disponibili su Internet di cui alla sezione 2, la base legale del trattamento \u00e8 l\u2019art. 6(1)(f) del Regolamento, ossia il legittimo interesse di JODAL s.r.l. a socio unico a verificare eventuali rischi sull\u2019idoneit\u00e0 del candidato a ricoprire specifiche posizioni.<\/p>\n\n\n\n<p><strong>6. DESTINATARI DEI DATI PERSONALI<\/strong><\/p>\n\n\n\n<p>I suoi dati personali potranno essere condivisi, per le finalit\u00e0 di cui alla sezione 3, con:<\/p>\n\n\n\n<p>a. soggetti che agiscono in qualit\u00e0 di responsabili del trattamento ossia: soggetti con i quali sia necessario interagire per l&#8217;erogazione dei servizi (ad esempio gli hosting provider), oppure soggetti delegati a svolgere attivit\u00e0 di manutenzione tecnica;<\/p>\n\n\n\n<p>b. soggetti, enti od autorit\u00e0 a cui sia obbligatorio comunicare i suoi dati personali in forza di disposizioni di legge o di ordini delle autorit\u00e0;<\/p>\n\n\n\n<p>c. persone autorizzate da JODAL s.r.l. a socio unico al trattamento di dati personali necessario a svolgere attivit\u00e0 strettamente correlate all&#8217;erogazione dei servizi, che si siano impegnate alla riservatezza (es. dipendenti di JODAL s.r.l. a socio unico).<\/p>\n\n\n\n<p><strong>7. TRASFERIMENTI DEI DATI PERSONALI<\/strong><\/p>\n\n\n\n<p>Per rendere possibile l\u2019esecuzione delle finalit\u00e0 di cui alla sezione 3(e), i dati raccolti potranno essere trasferiti all\u2019estero, anche al di fuori dell\u2019Unione Europea nelle forme e nei modi previsti alla vigente normativa garantendo in ogni caso un adeguato livello di protezione. Per l\u2019invio di comunicazioni a carattere commerciale e di marketing infatti, JODAL s.r.l. a socio unico si avvale di MailUp, Titolare Autonomo del Trattamento, una piattaforma di mailing proprietaria, che attraverso sistemi di tracciamento statistico consente di rilevare l\u2019apertura di un messaggio, i click effettuati sui collegamenti ipertestuali contenuti all\u2019interno dell\u2019email, da quale indirizzo IP o con quale tipo di browser viene aperta l\u2019email, e altri dettagli simili. La raccolta di tali dati \u00e8 funzionale all\u2019utilizzo della piattaforma e costituisce parte integrante delle funzionalit\u00e0 del sistema di invio dei messaggi.<\/p>\n\n\n\n<p><strong>8. DIRITTO DEGLI INTERESSATI<\/strong><\/p>\n\n\n\n<p>All\u2019interessato sono riconosciuti specifici diritti:<\/p>\n\n\n\n<p>1. l\u2019interessato ha diritto di ottenere la conferma dell\u2019esistenza o meno di dati personali che lo riguardano, anche se non ancora registrati, e la loro comunicazione in forma intelligibile;<\/p>\n\n\n\n<p>2. l\u2019interessato ha inoltre diritto di ottenere l\u2019indicazione: dell\u2019origine dei dati personali; delle finalit\u00e0 e modalit\u00e0 di trattamento; della logica applicata in caso di trattamento effettuato con l\u2019ausilio di strumenti elettronici; degli estremi identificativi del titolare, dei responsabili e del rappresentante designato e dei relativi dati di contatto; dei soggetti o delle categorie di soggetti ai quali i dati personali possono essere comunicati o che possono venirne a conoscenza in qualit\u00e0 di rappresentante designato nel territorio dello Stato, di responsabili o incaricati.<\/p>\n\n\n\n<p>3. l\u2019interessato ha altres\u00ec diritto di ottenere: i legittimi interessi perseguiti dal titolare del trattamento o da terzi, gli eventuali destinatari o le eventuali categorie dei destinatari dei dati personali; l\u2019intenzione del titolare del trattamento di trasferire i dati personali a un paese terzo o a un\u2019organizzazione internazionale e l\u2019esistenza o l\u2019assenza di una decisione di adeguatezza della Commissione; il periodo di conservazione dei dati o, se non \u00e8 possibile, i criteri utilizzati per determinare tale periodo; l\u2019esistenza di un processo decisionale automatizzato; il diritto a proporre reclamo all\u2019autorit\u00e0 di controllo; il diritto ad essere informato se la comunicazione dei dati costituisce obbligo legale o contrattuale o un requisito necessario per la conclusione del contratto.<\/p>\n\n\n\n<p>4. l\u2019interessato ha altres\u00ec diritto di ottenere: a) l\u2019aggiornamento, la rettificazione ovvero, quando vi ha interesse, l\u2019integrazione dei dati; b) la cancellazione, la trasformazione in forma anonima o il blocco dei dati trattati in violazione di legge, compresi quelli di cui non \u00e8 necessaria la conservazione in relazione agli scopi per i quali i dati sono stati raccolti o successivamente trattati; c) l\u2019attestazione che le operazioni di cui alle lettere a) e b) del presente comma sono state portate a conoscenza, anche per quanto riguarda il loro contenuto; il nominativo di coloro ai quali i dati sono stati comunicati o diffusi, eccettuato il caso in cui tale adempimento si riveli impossibile o comporti un impiego di mezzi manifestamente sproporzionato rispetto al diritto tutelato.<\/p>\n\n\n\n<p>5. l\u2019interessato ha infine diritto di opporsi, in tutto o in parte: a) per motivi legittimi al trattamento dei dati personali che lo riguardano, ancorch\u00e9 pertinenti lo scopo della raccolta; b) al trattamento di dati personali che lo riguardano a fini di invio di materiale pubblicitario o di vendita diretta o per il compimento di ricerche di mercato o di comunicazione commerciale.<\/p>\n\n\n\n<p>JODAL s.r.l. a socio unico, provveder\u00e0 senza ritardo a fornire idoneo riscontro, e comunque entro un termine non superiore a mesi 1. Nel caso di particolare complessit\u00e0 il termine per la risposta, a norma del Regolamento, pu\u00f2 essere di mesi 3. In ogni caso il titolare informer\u00e0 l\u2019interessato entro mesi 1 dalla richiesta, anche per comunicarne il diniego nei casi specificatamente contemplati nelle disposizioni vigenti.<\/p>\n\n\n\n<p><strong>9. DIRITTI A PORRE RECLAMO ALL&#8217;AUTORIT\u00c0 DI CONTROLLO<\/strong><\/p>\n\n\n\n<p>Si informa altres\u00ec che ai sensi degli artt. 77 e ss del Reg. UE 2016\/679, ove ritenesse lesi i propri diritti, l\u2019interessato pu\u00f2 rivolgersi al Garante per la protezione dei dati personali nonch\u00e9 all\u2019autorit\u00e0 giudiziaria ordinaria.<\/p>\n\n\n\n<p><strong>JODAL s.r.l. a socio unico a socio unico<\/strong><br>Via Lino Zanussi, 4<br>33080 &#8211; Roveredo in Piano (PN)<br>P.IVA 01690720931<br>REA PN96702<\/p>\n","protected":false},"excerpt":{"rendered":"<p>Informativa Informativa resa ai sensi degli artt. 13-14 del GDPR (General Data Protection Regulation) n. 2016\/679 (di seguito &#8220;Regolamento&#8221;) 0. PREMESSA Con la presente pagina si intende informare l&#8217;utenza in merito alle politiche osservate da JODAL s.r.l. a socio unico, con sede in Via Lino Zanussi 4, Roveredo in Piano (33080) PN, in materia di [&hellip;]<\/p>\n","protected":false},"author":5,"featured_media":0,"parent":0,"menu_order":0,"comment_status":"closed","ping_status":"open","template":"page.php","meta":{"_acf_changed":false,"footnotes":""},"acf":[],"_links":{"self":[{"href":"https:\/\/www.stilo.life\/en\/wp-json\/wp\/v2\/pages\/322"}],"collection":[{"href":"https:\/\/www.stilo.life\/en\/wp-json\/wp\/v2\/pages"}],"about":[{"href":"https:\/\/www.stilo.life\/en\/wp-json\/wp\/v2\/types\/page"}],"author":[{"embeddable":true,"href":"https:\/\/www.stilo.life\/en\/wp-json\/wp\/v2\/users\/5"}],"replies":[{"embeddable":true,"href":"https:\/\/www.stilo.life\/en\/wp-json\/wp\/v2\/comments?post=322"}],"version-history":[{"count":0,"href":"https:\/\/www.stilo.life\/en\/wp-json\/wp\/v2\/pages\/322\/revisions"}],"wp:attachment":[{"href":"https:\/\/www.stilo.life\/en\/wp-json\/wp\/v2\/media?parent=322"}],"curies":[{"name":"wp","href":"https:\/\/api.w.org\/{rel}","templated":true}]}}